{"id":25,"date":"2022-02-16T13:58:13","date_gmt":"2022-02-16T12:58:13","guid":{"rendered":"https:\/\/kozelafrikahoz.hu\/?page_id=25"},"modified":"2022-04-08T12:38:34","modified_gmt":"2022-04-08T10:38:34","slug":"iskolafejlesztes","status":"publish","type":"page","link":"https:\/\/kozelafrikahoz.hu\/en\/mit-csinalunk\/iskolafejlesztes\/","title":{"rendered":"Iskolafejleszt\u00e9s"},"content":{"rendered":"<p>[et_pb_section fb_built=&#8221;1&#8243; disabled_on=&#8221;off|off|off&#8221; _builder_version=&#8221;4.15.1&#8243; _module_preset=&#8221;default&#8221; background_color=&#8221;#260F10&#8243; background_image=&#8221;https:\/\/kozelafrikahoz.hu\/wp-content\/uploads\/2022\/02\/home-slide-image.png&#8221; background_size=&#8221;initial&#8221; background_position=&#8221;center_right&#8221; background_horizontal_offset=&#8221;0%&#8221; module_alignment=&#8221;center&#8221; height=&#8221;504px&#8221; background_last_edited=&#8221;on|desktop&#8221; background_horizontal_offset_tablet=&#8221;20%&#8221; global_module=&#8221;464&#8243; global_colors_info=&#8221;{}&#8221;][et_pb_row column_structure=&#8221;1_2,1_2&#8243; _builder_version=&#8221;4.15.1&#8243; _module_preset=&#8221;default&#8221; width=&#8221;90%&#8221; max_width=&#8221;1280px&#8221; global_colors_info=&#8221;{}&#8221;][et_pb_column type=&#8221;1_2&#8243; _builder_version=&#8221;4.15.1&#8243; _module_preset=&#8221;default&#8221; global_colors_info=&#8221;{}&#8221;][et_pb_text disabled_on=&#8221;on|on|off&#8221; _builder_version=&#8221;4.15.1&#8243; _module_preset=&#8221;default&#8221; header_text_color=&#8221;#E5852C&#8221; header_font_size=&#8221;35px&#8221; header_line_height=&#8221;1.4em&#8221; custom_margin=&#8221;||11px|||&#8221; global_colors_info=&#8221;{}&#8221;]<\/p>\n<h1>Megismerni. Meg\u00e9rteni. Seg\u00edteni.<\/h1>\n<p>[\/et_pb_text][et_pb_text disabled_on=&#8221;on|on|off&#8221; _builder_version=&#8221;4.15.1&#8243; _module_preset=&#8221;default&#8221; header_3_text_color=&#8221;#EFE6E1&#8243; header_3_font_size=&#8221;23px&#8221; header_3_line_height=&#8221;1.7em&#8221; background_color=&#8221;rgba(38,15,16,0.56)&#8221; global_colors_info=&#8221;{}&#8221;]<\/p>\n<h3>&#8222;A seg\u00edts\u00e9gny\u00fajt\u00e1s k\u00f6lcs\u00f6n\u00f6s fejl\u0151d\u00e9s.<br \/>Tan\u00edtva tanulunk Afrik\u00e1ban!&#8221;<\/h3>\n<p>[\/et_pb_text][\/et_pb_column][et_pb_column type=&#8221;1_2&#8243; _builder_version=&#8221;4.15.1&#8243; _module_preset=&#8221;default&#8221; global_colors_info=&#8221;{}&#8221;][\/et_pb_column][\/et_pb_row][\/et_pb_section][et_pb_section fb_built=&#8221;1&#8243; disabled_on=&#8221;off|off|on&#8221; admin_label=&#8221;Szakasz&#8221; _builder_version=&#8221;4.15.1&#8243; _module_preset=&#8221;default&#8221; background_color=&#8221;#260F10&#8243; height=&#8221;287px&#8221; custom_padding=&#8221;0px||0px|||&#8221; global_module=&#8221;463&#8243; global_colors_info=&#8221;{}&#8221;][et_pb_row column_structure=&#8221;1_2,1_2&#8243; _builder_version=&#8221;4.15.1&#8243; _module_preset=&#8221;default&#8221; width=&#8221;90%&#8221; max_width=&#8221;1280px&#8221; height=&#8221;187px&#8221; custom_padding=&#8221;||0px|||&#8221; global_colors_info=&#8221;{}&#8221;][et_pb_column type=&#8221;1_2&#8243; admin_label=&#8221;Oszlop&#8221; _builder_version=&#8221;4.15.1&#8243; _module_preset=&#8221;default&#8221; global_colors_info=&#8221;{}&#8221;][et_pb_text _builder_version=&#8221;4.15.1&#8243; _module_preset=&#8221;default&#8221; header_text_color=&#8221;#E5852C&#8221; header_font_size=&#8221;35px&#8221; header_line_height=&#8221;1.2em&#8221; custom_margin=&#8221;||11px|||&#8221; global_colors_info=&#8221;{}&#8221;]<\/p>\n<h1>Megismerni. Meg\u00e9rteni. Seg\u00edteni.<\/h1>\n<p>[\/et_pb_text][et_pb_text _builder_version=&#8221;4.15.1&#8243; _module_preset=&#8221;default&#8221; header_3_text_color=&#8221;#EFE6E1&#8243; header_3_line_height=&#8221;1.7em&#8221; global_colors_info=&#8221;{}&#8221;]<\/p>\n<h3>&#8222;A seg\u00edts\u00e9gny\u00fajt\u00e1s k\u00f6lcs\u00f6n\u00f6s fejl\u0151d\u00e9s.<br \/>Tan\u00edtva tanulunk Afrik\u00e1ban!&#8221;<\/h3>\n<p>[\/et_pb_text][\/et_pb_column][et_pb_column type=&#8221;1_2&#8243; admin_label=&#8221;Oszlop&#8221; _builder_version=&#8221;4.15.1&#8243; _module_preset=&#8221;default&#8221; global_colors_info=&#8221;{}&#8221;][\/et_pb_column][\/et_pb_row][\/et_pb_section][et_pb_section fb_built=&#8221;1&#8243; _builder_version=&#8221;4.15.1&#8243; _module_preset=&#8221;default&#8221; background_image=&#8221;https:\/\/kozelafrikahoz.hu\/wp-content\/uploads\/2022\/03\/ta\u0301mogato-background.png&#8221; global_module=&#8221;252&#8243; global_colors_info=&#8221;{}&#8221;][et_pb_row column_structure=&#8221;1_3,1_3,1_3&#8243; _builder_version=&#8221;4.15.1&#8243; _module_preset=&#8221;default&#8221; width=&#8221;90%&#8221; max_width=&#8221;1280px&#8221; module_alignment=&#8221;center&#8221; global_colors_info=&#8221;{}&#8221;][et_pb_column type=&#8221;1_3&#8243; _builder_version=&#8221;4.15.1&#8243; _module_preset=&#8221;default&#8221; global_colors_info=&#8221;{}&#8221;][\/et_pb_column][et_pb_column type=&#8221;1_3&#8243; _builder_version=&#8221;4.15.1&#8243; _module_preset=&#8221;default&#8221; background_color=&#8221;rgba(239,230,225,0.87)&#8221; custom_padding=&#8221;24px|0px|24px|0px|true|true&#8221; border_radii=&#8221;on|4px|4px|4px|4px&#8221; global_colors_info=&#8221;{}&#8221;][et_pb_button button_url=&#8221;@ET-DC@eyJkeW5hbWljIjp0cnVlLCJjb250ZW50IjoicG9zdF9saW5rX3VybF9wYWdlIiwic2V0dGluZ3MiOnsicG9zdF9pZCI6IjMxIn19@&#8221; button_text=&#8221;T\u00e1mogat\u00f3 szeretn\u00e9k lenni&#8221; button_alignment=&#8221;center&#8221; _builder_version=&#8221;4.15.1&#8243; _dynamic_attributes=&#8221;button_url&#8221; _module_preset=&#8221;default&#8221; custom_button=&#8221;on&#8221; button_text_color=&#8221;#FFFFFF&#8221; button_bg_color=&#8221;#E5852C&#8221; button_border_width=&#8221;0px&#8221; button_border_radius=&#8221;5px&#8221; button_font=&#8221;|600|||||||&#8221; button_text_shadow_style=&#8221;preset3&#8243; box_shadow_style=&#8221;preset1&#8243; global_colors_info=&#8221;{}&#8221;][\/et_pb_button][\/et_pb_column][et_pb_column type=&#8221;1_3&#8243; _builder_version=&#8221;4.15.1&#8243; _module_preset=&#8221;default&#8221; global_colors_info=&#8221;{}&#8221;][\/et_pb_column][\/et_pb_row][\/et_pb_section][et_pb_section fb_built=&#8221;1&#8243; _builder_version=&#8221;4.15.1&#8243; _module_preset=&#8221;default&#8221; custom_margin=&#8221;||13px|||&#8221; global_colors_info=&#8221;{}&#8221;][et_pb_row _builder_version=&#8221;4.15.1&#8243; _module_preset=&#8221;default&#8221; global_colors_info=&#8221;{}&#8221;][et_pb_column type=&#8221;4_4&#8243; _builder_version=&#8221;4.15.1&#8243; _module_preset=&#8221;default&#8221; global_colors_info=&#8221;{}&#8221;][et_pb_text _builder_version=&#8221;4.15.1&#8243; _module_preset=&#8221;default&#8221; global_colors_info=&#8221;{}&#8221;]<\/p>\n<h2>\u00c9p\u00edts egy iskol\u00e1t<\/h2>\n<p>[\/et_pb_text][\/et_pb_column][\/et_pb_row][et_pb_row column_structure=&#8221;1_2,1_2&#8243; _builder_version=&#8221;4.15.1&#8243; _module_preset=&#8221;default&#8221; custom_padding=&#8221;||0px|||&#8221; global_colors_info=&#8221;{}&#8221;][et_pb_column type=&#8221;1_2&#8243; _builder_version=&#8221;4.15.1&#8243; _module_preset=&#8221;default&#8221; global_colors_info=&#8221;{}&#8221;][et_pb_text _builder_version=&#8221;4.15.1&#8243; _module_preset=&#8221;default&#8221; text_font_size=&#8221;16px&#8221; global_colors_info=&#8221;{}&#8221;]<\/p>\n<p>Malinak s\u00falyos probl\u00e9m\u00e1ja van az iskol\u00e1k infrastrukt\u00far\u00e1j\u00e1val. Az orsz\u00e1g t\u00f6bb ter\u00fclet\u00e9n a gyerekeknek nincs lehet\u0151s\u00e9g\u00fck az iskol\u00e1ba j\u00e1rni, vagy amiatt, hogy a legk\u00f6zelebbi iskola t\u00fal messze van (5-15 km), vagy amiatt, hogy a lehets\u00e9ges \u00e1llami iskola annyira t\u00falzs\u00fafolt, hogy t\u00f6bb gyerek nem b\u00edrja k\u00f6vetni a tantervet. Egy \u00e1tlagos oszt\u00e1ly l\u00e9tsz\u00e1ma egy Bamak\u00f3i \u00e1llami iskol\u00e1ban 170-200 gyerek.<\/p>\n<p>Mik\u00f6zben Maliban az \u00e1llam s\u00falyos kudarcot vallott abban, hogy alapszint\u0171 oktat\u00e1st biztos\u00edtson a folyamatosan n\u00f6vekv\u0151 n\u00e9pess\u00e9gnek, a lakoss\u00e1g tagjai mag\u00e1n iskol\u00e1k alap\u00edt\u00e1s\u00e1val pr\u00f3b\u00e1lj\u00e1k teljes\u00edteni az \u00e1llam feladatait. Az orsz\u00e1g t\u00f6bb ter\u00fclet\u00e9n a sz\u00fcl\u0151knek nincs m\u00e1s v\u00e1laszt\u00e1suk, mint hogy a gyerekeiket ezekbe a szer\u00e9nyebb mag\u00e1n iskol\u00e1ba j\u00e1rass\u00e1k, amelyek azonban messze \u00e1llnak att\u00f3l, amit elv\u00e1rn\u00e1nk egy mag\u00e1n iskol\u00e1t\u00f3l. Ezeket az iskol\u00e1kat \u00e1ltal\u00e1ban nagy er\u0151fesz\u00edt\u00e9ssel mag\u00e1nszem\u00e9lyek alap\u00edtj\u00e1k, mint p\u00e9ld\u00e1ul egy tan\u00e1r, vagy egy modern gondolkod\u00e1s\u00fa vezet\u0151je egy hitk\u00f6z\u00f6ss\u00e9gnek.<\/p>\n<p>[\/et_pb_text][\/et_pb_column][et_pb_column type=&#8221;1_2&#8243; _builder_version=&#8221;4.15.1&#8243; _module_preset=&#8221;default&#8221; global_colors_info=&#8221;{}&#8221;][et_pb_text _builder_version=&#8221;4.15.1&#8243; _module_preset=&#8221;default&#8221; text_font_size=&#8221;16px&#8221; locked=&#8221;off&#8221; global_colors_info=&#8221;{}&#8221;]<\/p>\n<p>A finansz\u00edroz\u00e1s \u00e1ltal\u00e1ban csak a l\u00e9p\u00e9sr\u0151l-l\u00e9p\u00e9sre m\u00f3dszert engedi meg, \u00edgy az \u00e9p\u00edtkez\u00e9s kisebb-nagyobb megszak\u00edt\u00e1sokkal egy\u00fctt \u00e9vtizedekig eltarthat.<br \/>Alap\u00edtv\u00e1nyunk ilyen iskol\u00e1kkal dolgozik egy\u00fctt, seg\u00edtj\u00fck a technikai fejl\u0151d\u00e9st, a tanterv moderniz\u00e1l\u00e1s\u00e1t. T\u00e1mogatjuk p\u00e9ld\u00e1ul: \u00faj tanterem \u00e9p\u00edt\u00e9s\u00e9t, sz\u00e1m\u00edt\u00f3g\u00e9p-terem l\u00e9trehoz\u00e1s\u00e1t, mosd\u00f3helyis\u00e9g \u00e9p\u00edt\u00e9s\u00e9t, oktat\u00e1shoz sz\u00fcks\u00e9ges eszk\u00f6z\u00f6k, \u00edr\u00f3szerek \u00e9s sportszerek beszerz\u00e9s\u00e9t.<\/p>\n<p>Ezt a fajta t\u00e1mogat\u00e1st nevezz\u00fck &#8222;hardver&#8221; programnak.<br \/>\u00dagy gondoljuk azonban, hogy fontos az, hogy a \u201chardver\u201d programok kieg\u00e9sz\u00fcljenek \u201cszoftverekkel\u201d, amik a tan\u00edt\u00e1son, a tan\u00e1rk\u00e9pz\u00e9sen \u00e9s az oktat\u00e1si kamp\u00e1nyokon kereszt\u00fcl seg\u00edtenek a legt\u00f6bbet kihozni az adom\u00e1nyokb\u00f3l.<br \/>Programjaink k\u00f6vethet\u0151ek \u00e9s dokument\u00e1lhat\u00f3ak, \u00e9s a helyi sz\u00fcks\u00e9gletek alapj\u00e1n tervezz\u00fck meg \u0151ket.<\/p>\n<p>[\/et_pb_text][\/et_pb_column][\/et_pb_row][\/et_pb_section][et_pb_section fb_built=&#8221;1&#8243; _builder_version=&#8221;4.15.1&#8243; _module_preset=&#8221;default&#8221; custom_padding=&#8221;0px|||||&#8221; global_colors_info=&#8221;{}&#8221;][et_pb_row _builder_version=&#8221;4.15.1&#8243; _module_preset=&#8221;default&#8221; global_colors_info=&#8221;{}&#8221;][et_pb_column type=&#8221;4_4&#8243; _builder_version=&#8221;4.15.1&#8243; _module_preset=&#8221;default&#8221; global_colors_info=&#8221;{}&#8221;][et_pb_image src=&#8221;https:\/\/kozelafrikahoz.hu\/wp-content\/uploads\/2022\/03\/szamtech-terem-01-copy.png&#8221; title_text=&#8221;szamtech terem 01 copy&#8221; align=&#8221;center&#8221; _builder_version=&#8221;4.15.1&#8243; _module_preset=&#8221;default&#8221; max_width=&#8221;800px&#8221; global_colors_info=&#8221;{}&#8221;][\/et_pb_image][et_pb_text _builder_version=&#8221;4.15.1&#8243; _module_preset=&#8221;default&#8221; text_font=&#8221;|600|||||||&#8221; text_font_size=&#8221;16px&#8221; max_width=&#8221;800px&#8221; module_alignment=&#8221;center&#8221; custom_margin=&#8221;||0px|||&#8221; hover_enabled=&#8221;0&#8243; locked=&#8221;off&#8221; global_colors_info=&#8221;{}&#8221; sticky_enabled=&#8221;0&#8243;]<\/p>\n<p>Sz\u00e1m\u00edt\u00f3g\u00e9pterem a Gy\u0151zteseknek 2021<\/p>\n<p>[\/et_pb_text][et_pb_text _builder_version=&#8221;4.15.1&#8243; _module_preset=&#8221;default&#8221; text_font_size=&#8221;16px&#8221; max_width=&#8221;800px&#8221; module_alignment=&#8221;center&#8221; locked=&#8221;off&#8221; global_colors_info=&#8221;{}&#8221;]<\/p>\n<p>Az iskola vezet\u0151s\u00e9g\u00e9nek \u00e9s a gyerekeknek egy r\u00e9gi \u00e1lma teljes\u00fclt az olvas\u00f3 \u00e9s sz\u00e1m\u00edt\u00f3g\u00e9pterem kialak\u00edt\u00e1s\u00e1val. Az \u00e9p\u00edtkez\u00e9st a Hungary Helps \u00dcgyn\u00f6ks\u00e9g t\u00e1mogat\u00e1s\u00e1val \u00e9p\u00edtett\u00fck, a g\u00e9peket a Point Systems Zrt. adta.<\/p>\n<p>[\/et_pb_text][\/et_pb_column][\/et_pb_row][et_pb_row _builder_version=&#8221;4.15.1&#8243; _module_preset=&#8221;default&#8221; global_colors_info=&#8221;{}&#8221;][et_pb_column type=&#8221;4_4&#8243; _builder_version=&#8221;4.15.1&#8243; _module_preset=&#8221;default&#8221; global_colors_info=&#8221;{}&#8221;][et_pb_image src=&#8221;https:\/\/kozelafrikahoz.hu\/wp-content\/uploads\/2022\/03\/Semmelweis-ku\u0301tfu\u0301ra\u0301s-2021-03-Copy.png&#8221; title_text=&#8221;Semmelweis ku\u0301tfu\u0301ra\u0301s 2021-03 Copy&#8221; align=&#8221;center&#8221; _builder_version=&#8221;4.15.1&#8243; _module_preset=&#8221;default&#8221; max_width=&#8221;800px&#8221; global_colors_info=&#8221;{}&#8221;][\/et_pb_image][et_pb_text _builder_version=&#8221;4.15.1&#8243; _module_preset=&#8221;default&#8221; text_font=&#8221;|600|||||||&#8221; text_font_size=&#8221;16px&#8221; max_width=&#8221;800px&#8221; module_alignment=&#8221;center&#8221; custom_margin=&#8221;||0px|||&#8221; hover_enabled=&#8221;0&#8243; locked=&#8221;off&#8221; global_colors_info=&#8221;{}&#8221; sticky_enabled=&#8221;0&#8243;]<\/p>\n<p>Semmelweis K\u00fatf\u00far\u00e1s Projekt 2021<\/p>\n<p>[\/et_pb_text][et_pb_text _builder_version=&#8221;4.15.1&#8243; _module_preset=&#8221;default&#8221; text_font_size=&#8221;16px&#8221; max_width=&#8221;800px&#8221; module_alignment=&#8221;center&#8221; locked=&#8221;off&#8221; global_colors_info=&#8221;{}&#8221;]<\/p>\n<p>A Gy\u0151ztesek partner iskol\u00e1nk k\u00f6rny\u00e9k\u00e9n sem vezet\u00e9kes v\u00edz, sem villany\u00e1ram nincs, \u00edgy Semmelweis projekt\u00fcnk folytat\u00e1sak\u00e9nt 2021-ben egy k\u00fat f\u00far\u00e1s\u00e1ba kezdt\u00fcnk.\u00a0 A napelemmel hajtott k\u00fat 185m m\u00e9lys\u00e9gb\u0151l nyomja fel vizet \u00e9s szolg\u00e1lja ki az iskola mellett a k\u00f6rny\u00e9kbeli lakosokat is. A projekt finansz\u00edroz\u00e1s\u00e1st a n\u00e9met-magyar Xeless Group \u00e9s a Hungary Helps finansz\u00edrozta.<\/p>\n<p>[\/et_pb_text][\/et_pb_column][\/et_pb_row][et_pb_row _builder_version=&#8221;4.15.1&#8243; _module_preset=&#8221;default&#8221; global_colors_info=&#8221;{}&#8221;][et_pb_column type=&#8221;4_4&#8243; _builder_version=&#8221;4.15.1&#8243; _module_preset=&#8221;default&#8221; global_colors_info=&#8221;{}&#8221;][et_pb_image src=&#8221;https:\/\/kozelafrikahoz.hu\/wp-content\/uploads\/2022\/03\/utat-a-labdanak-copy.png&#8221; title_text=&#8221;utat a labdanak copy&#8221; align=&#8221;center&#8221; _builder_version=&#8221;4.15.1&#8243; _module_preset=&#8221;default&#8221; max_width=&#8221;800px&#8221; global_colors_info=&#8221;{}&#8221;][\/et_pb_image][et_pb_text _builder_version=&#8221;4.15.1&#8243; _module_preset=&#8221;default&#8221; text_font=&#8221;|600|||||||&#8221; text_font_size=&#8221;16px&#8221; max_width=&#8221;800px&#8221; module_alignment=&#8221;center&#8221; custom_margin=&#8221;||0px|||&#8221; hover_enabled=&#8221;0&#8243; locked=&#8221;off&#8221; global_colors_info=&#8221;{}&#8221; sticky_enabled=&#8221;0&#8243;]<\/p>\n<p>Utat a labd\u00e1nak! Projekt 2020<\/p>\n<p>[\/et_pb_text][et_pb_text _builder_version=&#8221;4.15.1&#8243; _module_preset=&#8221;default&#8221; text_font_size=&#8221;16px&#8221; max_width=&#8221;800px&#8221; module_alignment=&#8221;center&#8221; locked=&#8221;off&#8221; global_colors_info=&#8221;{}&#8221;]<\/p>\n<p>A bamak\u00f3i Ch\u00e9rifoula Iskola a nyomornegyed sz\u00e9l\u00e9n, k\u00f6zvetlen\u00fcl a szem\u00e9ttel teli mocs\u00e1rra \u00e9p\u00fclt. Megk\u00f6zel\u00edteni kor\u00e1bban legink\u00e1bb a szem\u00e9tdombon kereszt\u00fcl, n\u00e9ha csak pall\u00f3kon egyens\u00falyozva lehetett. Az iskola \u00f6ner\u0151b\u0151l belekezdett a k\u00f6rnyezet jav\u00edt\u00e1s\u00e1ba a mocs\u00e1r felt\u00f6lt\u00e9s\u00e9vel, de kifogyott a p\u00e9nzb\u0151l. Elk\u00e9pzel\u00e9s\u00fck az volt, hogy a szemetes, b\u0171z\u00f6s pocsolya felt\u00f6lt\u00e9s\u00e9vel nem csak eg\u00e9szs\u00e9gesebb, mal\u00e1riamentesebb k\u00f6rnyezetet alak\u00edtanak ki, hanem egy sport\u00e1ly\u00e1nak haszn\u00e1lhat\u00f3 ter\u00fcletet is l\u00e9trehoznak a gyerekeknek. A projekt megval\u00f3s\u00edt\u00e1s\u00e1hoz az \u00f6ner\u0151 mellett a Hungary Helps \u00dcgyn\u00f6ks\u00e9g is hozz\u00e1j\u00e1rult.<\/p>\n<p>[\/et_pb_text][\/et_pb_column][\/et_pb_row][et_pb_row _builder_version=&#8221;4.15.1&#8243; _module_preset=&#8221;default&#8221; global_colors_info=&#8221;{}&#8221;][et_pb_column type=&#8221;4_4&#8243; _builder_version=&#8221;4.15.1&#8243; _module_preset=&#8221;default&#8221; global_colors_info=&#8221;{}&#8221;][et_pb_image src=&#8221;https:\/\/kozelafrikahoz.hu\/wp-content\/uploads\/2022\/03\/egye\u0301b-programijaink-COVER.png&#8221; title_text=&#8221;egye\u0301b programijaink COVER&#8221; align=&#8221;center&#8221; _builder_version=&#8221;4.15.1&#8243; _module_preset=&#8221;default&#8221; max_width=&#8221;800px&#8221; global_colors_info=&#8221;{}&#8221;][\/et_pb_image][et_pb_text _builder_version=&#8221;4.15.1&#8243; _module_preset=&#8221;default&#8221; text_font=&#8221;|600|||||||&#8221; text_font_size=&#8221;16px&#8221; max_width=&#8221;800px&#8221; module_alignment=&#8221;center&#8221; custom_margin=&#8221;||0px|||&#8221; hover_enabled=&#8221;0&#8243; locked=&#8221;off&#8221; global_colors_info=&#8221;{}&#8221; sticky_enabled=&#8221;0&#8243;]<\/p>\n<p>Semmelweis K\u00e9zmos\u00e1s Projektek 2018-20<\/p>\n<p>[\/et_pb_text][et_pb_text _builder_version=&#8221;4.15.1&#8243; _module_preset=&#8221;default&#8221; text_font_size=&#8221;16px&#8221; max_width=&#8221;800px&#8221; module_alignment=&#8221;center&#8221; locked=&#8221;off&#8221; global_colors_info=&#8221;{}&#8221;]<\/p>\n<p>Ez a projekt sorozatunk a k\u00e9zmos\u00e1s lehet\u0151s\u00e9g\u00e9t viszi el oda, ahol az nincs meg (hardware oldal), \u00e9s oktat, \u00e9rz\u00e9keny\u00edt annak fontoss\u00e1g\u00e1r\u00f3l (software oldal). Ennek a projektnek keret\u00e9ben illemhelyis\u00e9geket \u00e9s k\u00e9zmos\u00f3\u00e1llom\u00e1sokat \u00e9p\u00edtett\u00fcnk partner iskol\u00e1inknak.\u00a0 A fejleszt\u00e9seket a gyerekeknek tartott \u00e9rz\u00e9keny\u00edt\u0151 el\u0151ad\u00e1sokkal eg\u00e9sz\u00edtett\u00fck ki, amelyeket az amerikai PROJECT WET Foundation oktat\u00f3 anyagaira \u00e9s\u00a0 Semmelweis Ign\u00e1c, mint \u201eaz any\u00e1k megment\u0151je\u201d t\u00f6rt\u00e9net\u00e9re \u00e9p\u00edtett\u00fcnk.<\/p>\n<p>[\/et_pb_text][\/et_pb_column][\/et_pb_row][\/et_pb_section][et_pb_section fb_built=&#8221;1&#8243; _builder_version=&#8221;4.15.1&#8243; _module_preset=&#8221;default&#8221; background_image=&#8221;https:\/\/kozelafrikahoz.hu\/wp-content\/uploads\/2022\/03\/ta\u0301mogato-background.png&#8221; global_module=&#8221;252&#8243; saved_tabs=&#8221;all&#8221; global_colors_info=&#8221;{}&#8221;][et_pb_row column_structure=&#8221;1_3,1_3,1_3&#8243; _builder_version=&#8221;4.15.1&#8243; _module_preset=&#8221;default&#8221; width=&#8221;90%&#8221; max_width=&#8221;1280px&#8221; module_alignment=&#8221;center&#8221; global_colors_info=&#8221;{}&#8221;][et_pb_column type=&#8221;1_3&#8243; _builder_version=&#8221;4.15.1&#8243; _module_preset=&#8221;default&#8221; global_colors_info=&#8221;{}&#8221;][\/et_pb_column][et_pb_column type=&#8221;1_3&#8243; _builder_version=&#8221;4.15.1&#8243; _module_preset=&#8221;default&#8221; background_color=&#8221;rgba(239,230,225,0.87)&#8221; custom_padding=&#8221;24px|0px|24px|0px|true|true&#8221; border_radii=&#8221;on|4px|4px|4px|4px&#8221; global_colors_info=&#8221;{}&#8221;][et_pb_button button_url=&#8221;@ET-DC@eyJkeW5hbWljIjp0cnVlLCJjb250ZW50IjoicG9zdF9saW5rX3VybF9wYWdlIiwic2V0dGluZ3MiOnsicG9zdF9pZCI6IjMxIn19@&#8221; button_text=&#8221;T\u00e1mogat\u00f3 szeretn\u00e9k lenni&#8221; button_alignment=&#8221;center&#8221; _builder_version=&#8221;4.15.1&#8243; _dynamic_attributes=&#8221;button_url&#8221; _module_preset=&#8221;default&#8221; custom_button=&#8221;on&#8221; button_text_color=&#8221;#FFFFFF&#8221; button_bg_color=&#8221;#E5852C&#8221; button_border_width=&#8221;0px&#8221; button_border_radius=&#8221;5px&#8221; button_font=&#8221;|600|||||||&#8221; button_text_shadow_style=&#8221;preset3&#8243; box_shadow_style=&#8221;preset1&#8243; global_colors_info=&#8221;{}&#8221;][\/et_pb_button][\/et_pb_column][et_pb_column type=&#8221;1_3&#8243; _builder_version=&#8221;4.15.1&#8243; _module_preset=&#8221;default&#8221; global_colors_info=&#8221;{}&#8221;][\/et_pb_column][\/et_pb_row][\/et_pb_section]<\/p>\n","protected":false},"excerpt":{"rendered":"<p>Megismerni. Meg\u00e9rteni. Seg\u00edteni.&#8221;A seg\u00edts\u00e9gny\u00fajt\u00e1s k\u00f6lcs\u00f6n\u00f6s fejl\u0151d\u00e9s.Tan\u00edtva tanulunk Afrik\u00e1ban!&#8221;Megismerni. Meg\u00e9rteni. Seg\u00edteni.&#8221;A seg\u00edts\u00e9gny\u00fajt\u00e1s k\u00f6lcs\u00f6n\u00f6s fejl\u0151d\u00e9s.Tan\u00edtva tanulunk Afrik\u00e1ban!&#8221;\u00c9p\u00edts egy iskol\u00e1tMalinak s\u00falyos probl\u00e9m\u00e1ja van az iskol\u00e1k infrastrukt\u00far\u00e1j\u00e1val. Az orsz\u00e1g t\u00f6bb ter\u00fclet\u00e9n a gyerekeknek nincs lehet\u0151s\u00e9g\u00fck az iskol\u00e1ba j\u00e1rni, vagy amiatt, hogy a legk\u00f6zelebbi iskola t\u00fal messze van (5-15 km), vagy amiatt, hogy a lehets\u00e9ges \u00e1llami iskola annyira t\u00falzs\u00fafolt, hogy [&hellip;]<\/p>\n","protected":false},"author":1,"featured_media":0,"parent":21,"menu_order":0,"comment_status":"closed","ping_status":"closed","template":"","meta":{"_et_pb_use_builder":"on","_et_pb_old_content":"<!-- wp:divi\/placeholder \/-->","_et_gb_content_width":"","footnotes":""},"class_list":["post-25","page","type-page","status-publish","hentry"],"_links":{"self":[{"href":"https:\/\/kozelafrikahoz.hu\/en\/wp-json\/wp\/v2\/pages\/25","targetHints":{"allow":["GET"]}}],"collection":[{"href":"https:\/\/kozelafrikahoz.hu\/en\/wp-json\/wp\/v2\/pages"}],"about":[{"href":"https:\/\/kozelafrikahoz.hu\/en\/wp-json\/wp\/v2\/types\/page"}],"author":[{"embeddable":true,"href":"https:\/\/kozelafrikahoz.hu\/en\/wp-json\/wp\/v2\/users\/1"}],"replies":[{"embeddable":true,"href":"https:\/\/kozelafrikahoz.hu\/en\/wp-json\/wp\/v2\/comments?post=25"}],"version-history":[{"count":8,"href":"https:\/\/kozelafrikahoz.hu\/en\/wp-json\/wp\/v2\/pages\/25\/revisions"}],"predecessor-version":[{"id":522,"href":"https:\/\/kozelafrikahoz.hu\/en\/wp-json\/wp\/v2\/pages\/25\/revisions\/522"}],"up":[{"embeddable":true,"href":"https:\/\/kozelafrikahoz.hu\/en\/wp-json\/wp\/v2\/pages\/21"}],"wp:attachment":[{"href":"https:\/\/kozelafrikahoz.hu\/en\/wp-json\/wp\/v2\/media?parent=25"}],"curies":[{"name":"wp","href":"https:\/\/api.w.org\/{rel}","templated":true}]}}